{"id":397,"date":"2024-06-18T12:32:19","date_gmt":"2024-06-18T12:32:19","guid":{"rendered":"https:\/\/residencevillalemacine.com\/tariffe\/"},"modified":"2025-01-10T16:14:02","modified_gmt":"2025-01-10T16:14:02","slug":"tariffe","status":"publish","type":"page","link":"https:\/\/residencevillalemacine.com\/en\/tariffe\/","title":{"rendered":"Rates &#8211; Oleificio Vieste"},"content":{"rendered":"<h2>APARTMENTS IN VIESTE<\/h2>\n<h2>Our Rates<\/h2>\n<table border=\"0\" cellspacing=\"0\" cellpadding=\"3\">\n<tbody>\n<tr>\n<th style=\"background: #84b156; color: #fff; padding: 10px; text-align: center;\" colspan=\"2\"> Very Low Season &#8211; A<br \/>From 17.05 to 31.05<\/th>\n<\/tr>\n<tr>\n<td>Two-room apartments<br \/>for 2 people<\/td>\n<td>\u20ac55.00<\/td>\n<\/tr>\n<tr>\n<td>Three-room apartments<br \/>for 4 people<\/td>\n<td>\u20ac 78.00<\/td>\n<\/tr>\n<tr>\n<td>Room<br \/>for 2 people <\/td>\n<td>\u20ac50.00<\/td>\n<\/tr>\n<\/tbody>\n<\/table>\n<table border=\"0\" cellspacing=\"0\" cellpadding=\"3\">\n<tbody>\n<tr>\n<th style=\"background: #84b156; color: #fff; padding: 10px; text-align: center;\" colspan=\"2\">\n<p> Low season &#8211; B<\/p>\n<p>From 31.05 to 28.06\/from 06.09 to 22.09<\/p>\n<\/th>\n<\/tr>\n<tr>\n<td>Two-room apartments<br \/>for 2 people <\/td>\n<td>\u20ac60.00<\/td>\n<\/tr>\n<tr>\n<td>Three-room apartments<br \/>for 4 people <\/td>\n<td>\u20ac90.00<\/td>\n<\/tr>\n<tr>\n<td>Room<br \/>for 2 people <\/td>\n<td>\u20ac55.00<\/td>\n<\/tr>\n<\/tbody>\n<\/table>\n<table border=\"0\" cellspacing=\"0\" cellpadding=\"3\">\n<tbody>\n<tr>\n<th style=\"background: #84b156; color: #fff; padding: 10px; text-align: center;\" colspan=\"2\">Mid Season &#8211; C<br \/>From 28.06 to 12.07\/from 30.08 to 06.09<\/th>\n<\/tr>\n<tr>\n<td>Two-room apartments<br \/>for 2 people<\/td>\n<td>\u20ac80.00<\/td>\n<\/tr>\n<tr>\n<td>Three-room apartments<br \/>for 4 people <\/td>\n<td>\u20ac 110.00<\/td>\n<\/tr>\n<tr>\n<td>Room<br \/>for 2 people <\/td>\n<td>\u20ac 75.00<\/td>\n<\/tr>\n<\/tbody>\n<\/table>\n<table border=\"0\" cellspacing=\"0\" cellpadding=\"3\">\n<tbody>\n<tr>\n<th style=\"background: #84b156; color: #fff; padding: 10px; text-align: center;\" colspan=\"2\">\n<p> Mid Season &#8211; D<\/p>\n<p>From 12.07 to 02.08<\/p>\n<\/th>\n<\/tr>\n<tr>\n<td>Two-room apartments<br \/>for 2 people <\/td>\n<td>\u20ac92.00<\/td>\n<\/tr>\n<tr>\n<td>Three-room apartments<br \/>for 4 people <\/td>\n<td>\u20ac 122.00<\/td>\n<\/tr>\n<tr>\n<td>Room<br \/>for 2 people <\/td>\n<td>\u20ac95.00<\/td>\n<\/tr>\n<\/tbody>\n<\/table>\n<table border=\"0\" cellspacing=\"0\" cellpadding=\"3\">\n<tbody>\n<tr>\n<th style=\"background: #84b156; color: #fff; padding: 10px; text-align: center;\" colspan=\"2\">\n<p>High Season E<\/p>\n<p>From 02.08 to 09.08 \/ from 23.08 to 30.08<\/p>\n<\/p>\n<\/th>\n<\/tr>\n<tr>\n<td>Two-room apartments<br \/>for 2 people<\/td>\n<td>\u20ac 105.00<\/td>\n<\/tr>\n<tr>\n<td>Three-room apartments<br \/>for 4 people<\/td>\n<td>\u20ac 135.00<\/td>\n<\/tr>\n<tr>\n<td>Room<br \/>for 2 people<\/td>\n<td>\u20ac 100.00<\/td>\n<\/tr>\n<\/tbody>\n<\/table>\n<table border=\"0\" cellspacing=\"0\" cellpadding=\"3\">\n<tbody>\n<tr>\n<th style=\"background: #84b156; color: #fff; padding: 10px; text-align: center;\" colspan=\"2\">\n<p>High Season F<\/p>\n<p>From 09.08 to 23.08<\/p>\n<\/th>\n<\/tr>\n<tr>\n<td>Two-room apartments<br \/>for 2 people<\/td>\n<td>\u20ac 110.00<\/td>\n<\/tr>\n<tr>\n<td>Three-room apartments<br \/>for 4 people<\/td>\n<td>\u20ac 140.00<\/td>\n<\/tr>\n<tr>\n<td>Room<br \/>for 2 people<\/td>\n<td>\u20ac 110.00<\/td>\n<\/tr>\n<\/tbody>\n<\/table>\n<p><strong>INCLUDED IN THE PRICE<\/strong><\/p>\n<p>VAT<br \/>1 Parking Space<br \/>Electric Car Charging Station<br \/>Energy consumption (gas, water, electricity)<br \/>Bathroom linen and bed linen with weekly change<br \/>Pool entrance<br \/>Outdoor barbecue use<br \/>Laundry service (\u20ac3.00\/wash)<br \/>Ping-pong table.<\/p>\n<\/p>\n<p><strong>PAYMENT\/ON REQUEST SERVICES<\/strong><\/p>\n<p>Disinfestation for animals (if accepted at the time of booking): \u20ac. 30.00 plus final cleaning;<br \/>Daily supplement for additional bed: \u20ac10.00 per child up to 12 years, \u20ac. 15.00 per adult.<br \/>Bathroom linen set (\u20ac. 5.00\/set)<br \/>Cot supplement \u20ac. 10.00 per day.<br \/>Mandatory final cleaning \u20ac45.00 (excluding kitchenette, to be paid by the Customer).<\/p>\n<p><strong>INFO AND CONDITIONS<\/strong><\/p>\n<p>The booking will be confirmed with a deposit equal to 30% of the stay amount via bank transfer:<\/p>\n<p><strong>INTESA SAN PAOLO AG. of VIESTE \u2013 Registered to: F.LLI VIESTE SRL IBAN: IT 67 U 03069 78713 100000003081<\/strong><\/p>\n<p>Mandatory tourist tax (to be paid on site): \u20ac2.50 per day per person over 14 years of age for a maximum of 10 days (from June to September). In each apartment, up to two beds can be added in the living area for a small fee. In low and medium season 20% supplement for stays of less than a week. The week of August cannot be sold individually. Optional (for a fee): beach service, various excursions.<\/p>\n<h2>About us<\/h2>\n<p><code id=\"ti-shortcode-id-667051ffc7119\"><pre class=\"ti-widget\"><div class=\"ti-widget ti-goog\" data-no-translation=\"true\" data-layout-id=\"5\" data-set-id=\"light-minimal\" data-pid=\"\" data-pager-autoplay-timeout=\"6\" data-review-target-width=\"275\" data-language=\"it\" > <div class=\"ti-widget-container ti-col-4\"> <div class=\"ti-footer source-Google\"> <div class=\"ti-rating-text\"> <strong class=\"ti-rating ti-rating-large\"> Eccellente <\/strong> <\/div> <span class=\"ti-stars star-lg\"> <span class=\"ti-star f\"><\/span><span class=\"ti-star f\"><\/span><span class=\"ti-star f\"><\/span><span class=\"ti-star f\"><\/span><span class=\"ti-star h\"><\/span> <\/span> <div class=\"ti-rating-text\"> <span class=\"nowrap\">In base a <strong>53 recensioni<\/strong><\/span> <\/div> <div class=\"ti-large-logo\"> <div class=\"ti-v-center\"> <img decoding=\"async\" class=\"ti-logo-fb\" src=\"https:\/\/cdn.trustindex.io\/assets\/platform\/Google\/logo.svg\" width=\"150\" height=\"25\" alt=\"Google\" \/> <\/div> <\/div> <\/div> <div class=\"ti-reviews-container\"> <div class=\"ti-controls\"> <div class=\"ti-next\" aria-label=\"Prossima recensione\" role=\"button\"><\/div> <div class=\"ti-prev\" aria-label=\"Recensione precedente\" role=\"button\"><\/div> <\/div> <div class=\"ti-reviews-container-wrapper\">  <div data-empty=\"0\" class=\"ti-review-item source-Google\" > <div class=\"ti-inner\"> <div class=\"ti-review-header\"> <div class=\"ti-profile-img\"> <img decoding=\"async\" src=\"https:\/\/lh3.googleusercontent.com\/a\/ACg8ocKaQZ1JIBD0qzuP-UdPEgVIosCTsWooEotm6McLDIVBOX97Pg=s120-c-rp-mo-ba4-br100\" alt=\"musrita Rita\" \/> <\/div> <div class=\"ti-profile-details\"> <div class=\"ti-name\"> musrita Rita <\/div> <div class=\"ti-date\">2023-08-13<\/div> <\/div> <\/div> <span class=\"ti-stars\"><span class=\"ti-star f\"><\/span><span class=\"ti-star f\"><\/span><span class=\"ti-star f\"><\/span><span class=\"ti-star f\"><\/span><span class=\"ti-star f\"><\/span><span class=\"ti-verified-review ti-verified-platform\"><span class=\"ti-verified-tooltip\">Trustindex verifica che la fonte originale della recensione sia Google.<\/span><\/span><\/span> <div class=\"ti-review-text-container ti-review-content\"><!-- R-CONTENT -->Tranquillit\u00e0 disponibilit\u00e0 pulizia ottimo per famiglie<!-- R-CONTENT --><\/div> <span class=\"ti-read-more\" data-container=\".ti-review-content\" data-collapse-text=\"Nascondere\" data-open-text=\"Leggi di pi\u00f9\" ><\/span> <\/div> <\/div>  <div data-empty=\"0\" class=\"ti-review-item source-Google\" > <div class=\"ti-inner\"> <div class=\"ti-review-header\"> <div class=\"ti-profile-img\"> <img decoding=\"async\" src=\"https:\/\/lh3.googleusercontent.com\/a-\/ALV-UjVJC1dMG5mu_5eJkXmqTRkOnp8PSwOjeWkAMaGXmZSn6lKiKV76=s120-c-rp-mo-ba4-br100\" alt=\"alessandro salomone\" \/> <\/div> <div class=\"ti-profile-details\"> <div class=\"ti-name\"> alessandro salomone <\/div> <div class=\"ti-date\">2023-08-10<\/div> <\/div> <\/div> <span class=\"ti-stars\"><span class=\"ti-star f\"><\/span><span class=\"ti-star f\"><\/span><span class=\"ti-star f\"><\/span><span class=\"ti-star f\"><\/span><span class=\"ti-star f\"><\/span><span class=\"ti-verified-review ti-verified-platform\"><span class=\"ti-verified-tooltip\">Trustindex verifica che la fonte originale della recensione sia Google.<\/span><\/span><\/span> <div class=\"ti-review-text-container ti-review-content\"><!-- R-CONTENT -->Ottimo<!-- R-CONTENT --><\/div> <span class=\"ti-read-more\" data-container=\".ti-review-content\" data-collapse-text=\"Nascondere\" data-open-text=\"Leggi di pi\u00f9\" ><\/span> <\/div> <\/div>  <div data-empty=\"0\" class=\"ti-review-item source-Google\" > <div class=\"ti-inner\"> <div class=\"ti-review-header\"> <div class=\"ti-profile-img\"> <img decoding=\"async\" src=\"https:\/\/lh3.googleusercontent.com\/a\/ACg8ocJ7Apua7_eaMYw57p1fnV8BxMUhFEFxfGY3DJ_KpncDiPMXYA=s120-c-rp-mo-ba4-br100\" alt=\"NA\" \/> <\/div> <div class=\"ti-profile-details\"> <div class=\"ti-name\"> NA <\/div> <div class=\"ti-date\">2023-07-12<\/div> <\/div> <\/div> <span class=\"ti-stars\"><span class=\"ti-star f\"><\/span><span class=\"ti-star f\"><\/span><span class=\"ti-star f\"><\/span><span class=\"ti-star f\"><\/span><span class=\"ti-star f\"><\/span><span class=\"ti-verified-review ti-verified-platform\"><span class=\"ti-verified-tooltip\">Trustindex verifica che la fonte originale della recensione sia Google.<\/span><\/span><\/span> <div class=\"ti-review-text-container ti-review-content\"><!-- R-CONTENT -->Abbiamo sorgionnato in questo residence per 10 giorni, posto molto tranquillo, pulito, molto bello, vicino al mare. In zona si trovano tutti i servizi, si trova 10 minuti da Vieste e 20 da Peschici. Piscina stupenda\nPersonale professionale\nIn situ vi \u00e8 un oleificio dove poter acquistare olio ed altri prodotti locali<!-- R-CONTENT --><\/div> <span class=\"ti-read-more\" data-container=\".ti-review-content\" data-collapse-text=\"Nascondere\" data-open-text=\"Leggi di pi\u00f9\" ><\/span> <\/div> <\/div>  <div data-empty=\"0\" class=\"ti-review-item source-Google\" > <div class=\"ti-inner\"> <div class=\"ti-review-header\"> <div class=\"ti-profile-img\"> <img decoding=\"async\" src=\"https:\/\/lh3.googleusercontent.com\/a-\/ALV-UjU0RNCdM9_I8ws9XyfiYNqVLiAeTE55FtYzQQ_64Bc_X1IA0g8=s120-c-rp-mo-br100\" alt=\"Antonio Battistella\" \/> <\/div> <div class=\"ti-profile-details\"> <div class=\"ti-name\"> Antonio Battistella <\/div> <div class=\"ti-date\">2023-07-09<\/div> <\/div> <\/div> <span class=\"ti-stars\"><span class=\"ti-star f\"><\/span><span class=\"ti-star f\"><\/span><span class=\"ti-star f\"><\/span><span class=\"ti-star f\"><\/span><span class=\"ti-star f\"><\/span><span class=\"ti-verified-review ti-verified-platform\"><span class=\"ti-verified-tooltip\">Trustindex verifica che la fonte originale della recensione sia Google.<\/span><\/span><\/span> <div class=\"ti-review-text-container ti-review-content\"><!-- R-CONTENT -->\u00c8  il settimo anno che  ci vengo. Cordialit\u00e0, cura del dettaglio, tranquillit\u00e0, pulizia, assieme a una struttura efficiente immersa in una natura rigogliosa. E poi le persone sempre molto presenti e ospitali; non ultimo lo shop di prodotti locali di altissima qualit\u00e0. Se vi piace il buon olio di oliva qui potete acquistare dell'ottimo \"oro giallo di Puglia<!-- R-CONTENT --><\/div> <span class=\"ti-read-more\" data-container=\".ti-review-content\" data-collapse-text=\"Nascondere\" data-open-text=\"Leggi di pi\u00f9\" ><\/span> <\/div> <\/div>  <div data-empty=\"0\" class=\"ti-review-item source-Google\" > <div class=\"ti-inner\"> <div class=\"ti-review-header\"> <div class=\"ti-profile-img\"> <img decoding=\"async\" src=\"https:\/\/lh3.googleusercontent.com\/a\/ACg8ocLUbiiiX4h_HAkLd8N1BOklfUwwD7TiJmk7z7a_7kA1UlqmBA=s120-c-rp-mo-ba5-br100\" alt=\"Anna Nicoletti\" \/> <\/div> <div class=\"ti-profile-details\"> <div class=\"ti-name\"> Anna Nicoletti <\/div> <div class=\"ti-date\">2023-07-09<\/div> <\/div> <\/div> <span class=\"ti-stars\"><span class=\"ti-star f\"><\/span><span class=\"ti-star f\"><\/span><span class=\"ti-star f\"><\/span><span class=\"ti-star f\"><\/span><span class=\"ti-star f\"><\/span><span class=\"ti-verified-review ti-verified-platform\"><span class=\"ti-verified-tooltip\">Trustindex verifica che la fonte originale della recensione sia Google.<\/span><\/span><\/span> <div class=\"ti-review-text-container ti-review-content\"><!-- R-CONTENT -->Ottimo posto.\nImmerso nella natura, a pochi passi dal mare.\nLa tranquillit\u00e0 fa da padrona, in un contesto tranquillo e sereno.<!-- R-CONTENT --><\/div> <span class=\"ti-read-more\" data-container=\".ti-review-content\" data-collapse-text=\"Nascondere\" data-open-text=\"Leggi di pi\u00f9\" ><\/span> <\/div> <\/div>  <\/div> <div class=\"ti-controls-line\"> <div class=\"dot\"><\/div> <\/div>  <\/div> <\/div> <\/div> <\/pre><\/code> <\/p>\n<h2>Discounts and Last Minute Vieste <\/h2>\n<p>Discover the offers designed for you<\/p>\n","protected":false},"excerpt":{"rendered":"<p>APARTMENTS IN VIESTE Our Rates Very Low Season &#8211; AFrom 17.05 to 31.05 Two-room apartmentsfor 2 people \u20ac55.00 Three-room apartmentsfor 4 people \u20ac 78.00 Roomfor 2 people \u20ac50.00 Low season &#8211; B From 31.05 to 28.06\/from 06.09 to 22.09 Two-room apartmentsfor 2 people \u20ac60.00 Three-room apartmentsfor 4 people \u20ac90.00 Roomfor 2 people \u20ac55.00 Mid Season [&hellip;]<\/p>\n","protected":false},"author":1,"featured_media":0,"parent":0,"menu_order":0,"comment_status":"closed","ping_status":"closed","template":"","meta":{"footnotes":""},"class_list":["post-397","page","type-page","status-publish","hentry"],"yoast_head":"<!-- This site is optimized with the Yoast SEO plugin v23.0 - https:\/\/yoast.com\/wordpress\/plugins\/seo\/ -->\n<title>Rates - Oleificio Vieste - Residence Villa Le Macine<\/title>\n<meta name=\"description\" content=\"Villa Le Macine residence a Vieste, un antico casale ristrutturato tra la foresta e il mare in una delle piu affascinanti zone del Gargano a solo 900 metri dalla Santa Maria\" \/>\n<meta name=\"robots\" content=\"index, follow, max-snippet:-1, max-image-preview:large, max-video-preview:-1\" \/>\n<link rel=\"canonical\" href=\"https:\/\/residencevillalemacine.com\/en\/tariffe\/\" \/>\n<meta property=\"og:locale\" content=\"en_US\" \/>\n<meta property=\"og:type\" content=\"article\" \/>\n<meta property=\"og:title\" content=\"Rates - Oleificio Vieste - Residence Villa Le Macine\" \/>\n<meta property=\"og:description\" content=\"Villa Le Macine residence a Vieste, un antico casale ristrutturato tra la foresta e il mare in una delle piu affascinanti zone del Gargano a solo 900 metri dalla Santa Maria\" \/>\n<meta property=\"og:url\" content=\"https:\/\/residencevillalemacine.com\/en\/tariffe\/\" \/>\n<meta property=\"og:site_name\" content=\"Residence Villa Le Macine\" \/>\n<meta property=\"article:modified_time\" content=\"2025-01-10T16:14:02+00:00\" \/>\n<meta name=\"twitter:card\" content=\"summary_large_image\" \/>\n<meta name=\"twitter:label1\" content=\"Est. reading time\" \/>\n\t<meta name=\"twitter:data1\" content=\"2 minutes\" \/>\n<script type=\"application\/ld+json\" class=\"yoast-schema-graph\">{\"@context\":\"https:\/\/schema.org\",\"@graph\":[{\"@type\":\"WebPage\",\"@id\":\"https:\/\/residencevillalemacine.com\/en\/tariffe\/\",\"url\":\"https:\/\/residencevillalemacine.com\/en\/tariffe\/\",\"name\":\"Rates - Oleificio Vieste - Residence Villa Le Macine\",\"isPartOf\":{\"@id\":\"https:\/\/residencevillalemacine.com\/#website\"},\"datePublished\":\"2024-06-18T12:32:19+00:00\",\"dateModified\":\"2025-01-10T16:14:02+00:00\",\"description\":\"Villa Le Macine residence a Vieste, un antico casale ristrutturato tra la foresta e il mare in una delle piu affascinanti zone del Gargano a solo 900 metri dalla Santa Maria\",\"breadcrumb\":{\"@id\":\"https:\/\/residencevillalemacine.com\/en\/tariffe\/#breadcrumb\"},\"inLanguage\":\"en-US\",\"potentialAction\":[{\"@type\":\"ReadAction\",\"target\":[\"https:\/\/residencevillalemacine.com\/en\/tariffe\/\"]}]},{\"@type\":\"BreadcrumbList\",\"@id\":\"https:\/\/residencevillalemacine.com\/en\/tariffe\/#breadcrumb\",\"itemListElement\":[{\"@type\":\"ListItem\",\"position\":1,\"name\":\"Home\",\"item\":\"https:\/\/residencevillalemacine.com\/en\/sample-page\/\"},{\"@type\":\"ListItem\",\"position\":2,\"name\":\"Rates &#8211; Oleificio Vieste\"}]},{\"@type\":\"WebSite\",\"@id\":\"https:\/\/residencevillalemacine.com\/#website\",\"url\":\"https:\/\/residencevillalemacine.com\/\",\"name\":\"Residence Villa Le Macine\",\"description\":\"Appartamenti a Vieste\",\"publisher\":{\"@id\":\"https:\/\/residencevillalemacine.com\/#organization\"},\"potentialAction\":[{\"@type\":\"SearchAction\",\"target\":{\"@type\":\"EntryPoint\",\"urlTemplate\":\"https:\/\/residencevillalemacine.com\/?s={search_term_string}\"},\"query-input\":\"required name=search_term_string\"}],\"inLanguage\":\"en-US\"},{\"@type\":\"Organization\",\"@id\":\"https:\/\/residencevillalemacine.com\/#organization\",\"name\":\"Residence Villa Le Macine\",\"url\":\"https:\/\/residencevillalemacine.com\/\",\"logo\":{\"@type\":\"ImageObject\",\"inLanguage\":\"en-US\",\"@id\":\"https:\/\/residencevillalemacine.com\/#\/schema\/logo\/image\/\",\"url\":\"https:\/\/residencevillalemacine.com\/wp-content\/uploads\/villa-le-macine-logo.png\",\"contentUrl\":\"https:\/\/residencevillalemacine.com\/wp-content\/uploads\/villa-le-macine-logo.png\",\"width\":467,\"height\":269,\"caption\":\"Residence Villa Le Macine\"},\"image\":{\"@id\":\"https:\/\/residencevillalemacine.com\/#\/schema\/logo\/image\/\"}}]}<\/script>\n<!-- \/ Yoast SEO plugin. -->","yoast_head_json":{"title":"Rates - Oleificio Vieste - Residence Villa Le Macine","description":"Villa Le Macine residence a Vieste, un antico casale ristrutturato tra la foresta e il mare in una delle piu affascinanti zone del Gargano a solo 900 metri dalla Santa Maria","robots":{"index":"index","follow":"follow","max-snippet":"max-snippet:-1","max-image-preview":"max-image-preview:large","max-video-preview":"max-video-preview:-1"},"canonical":"https:\/\/residencevillalemacine.com\/en\/tariffe\/","og_locale":"en_US","og_type":"article","og_title":"Rates - Oleificio Vieste - Residence Villa Le Macine","og_description":"Villa Le Macine residence a Vieste, un antico casale ristrutturato tra la foresta e il mare in una delle piu affascinanti zone del Gargano a solo 900 metri dalla Santa Maria","og_url":"https:\/\/residencevillalemacine.com\/en\/tariffe\/","og_site_name":"Residence Villa Le Macine","article_modified_time":"2025-01-10T16:14:02+00:00","twitter_card":"summary_large_image","twitter_misc":{"Est. reading time":"2 minutes"},"schema":{"@context":"https:\/\/schema.org","@graph":[{"@type":"WebPage","@id":"https:\/\/residencevillalemacine.com\/en\/tariffe\/","url":"https:\/\/residencevillalemacine.com\/en\/tariffe\/","name":"Rates - Oleificio Vieste - Residence Villa Le Macine","isPartOf":{"@id":"https:\/\/residencevillalemacine.com\/#website"},"datePublished":"2024-06-18T12:32:19+00:00","dateModified":"2025-01-10T16:14:02+00:00","description":"Villa Le Macine residence a Vieste, un antico casale ristrutturato tra la foresta e il mare in una delle piu affascinanti zone del Gargano a solo 900 metri dalla Santa Maria","breadcrumb":{"@id":"https:\/\/residencevillalemacine.com\/en\/tariffe\/#breadcrumb"},"inLanguage":"en-US","potentialAction":[{"@type":"ReadAction","target":["https:\/\/residencevillalemacine.com\/en\/tariffe\/"]}]},{"@type":"BreadcrumbList","@id":"https:\/\/residencevillalemacine.com\/en\/tariffe\/#breadcrumb","itemListElement":[{"@type":"ListItem","position":1,"name":"Home","item":"https:\/\/residencevillalemacine.com\/en\/sample-page\/"},{"@type":"ListItem","position":2,"name":"Rates &#8211; Oleificio Vieste"}]},{"@type":"WebSite","@id":"https:\/\/residencevillalemacine.com\/#website","url":"https:\/\/residencevillalemacine.com\/","name":"Residence Villa Le Macine","description":"Appartamenti a Vieste","publisher":{"@id":"https:\/\/residencevillalemacine.com\/#organization"},"potentialAction":[{"@type":"SearchAction","target":{"@type":"EntryPoint","urlTemplate":"https:\/\/residencevillalemacine.com\/?s={search_term_string}"},"query-input":"required name=search_term_string"}],"inLanguage":"en-US"},{"@type":"Organization","@id":"https:\/\/residencevillalemacine.com\/#organization","name":"Residence Villa Le Macine","url":"https:\/\/residencevillalemacine.com\/","logo":{"@type":"ImageObject","inLanguage":"en-US","@id":"https:\/\/residencevillalemacine.com\/#\/schema\/logo\/image\/","url":"https:\/\/residencevillalemacine.com\/wp-content\/uploads\/villa-le-macine-logo.png","contentUrl":"https:\/\/residencevillalemacine.com\/wp-content\/uploads\/villa-le-macine-logo.png","width":467,"height":269,"caption":"Residence Villa Le Macine"},"image":{"@id":"https:\/\/residencevillalemacine.com\/#\/schema\/logo\/image\/"}}]}},"_links":{"self":[{"href":"https:\/\/residencevillalemacine.com\/en\/wp-json\/wp\/v2\/pages\/397","targetHints":{"allow":["GET"]}}],"collection":[{"href":"https:\/\/residencevillalemacine.com\/en\/wp-json\/wp\/v2\/pages"}],"about":[{"href":"https:\/\/residencevillalemacine.com\/en\/wp-json\/wp\/v2\/types\/page"}],"author":[{"embeddable":true,"href":"https:\/\/residencevillalemacine.com\/en\/wp-json\/wp\/v2\/users\/1"}],"replies":[{"embeddable":true,"href":"https:\/\/residencevillalemacine.com\/en\/wp-json\/wp\/v2\/comments?post=397"}],"version-history":[{"count":16,"href":"https:\/\/residencevillalemacine.com\/en\/wp-json\/wp\/v2\/pages\/397\/revisions"}],"predecessor-version":[{"id":787,"href":"https:\/\/residencevillalemacine.com\/en\/wp-json\/wp\/v2\/pages\/397\/revisions\/787"}],"wp:attachment":[{"href":"https:\/\/residencevillalemacine.com\/en\/wp-json\/wp\/v2\/media?parent=397"}],"curies":[{"name":"wp","href":"https:\/\/api.w.org\/{rel}","templated":true}]}}